{"id":13538,"date":"2018-07-28T16:07:51","date_gmt":"2018-07-28T16:07:51","guid":{"rendered":"https:\/\/www.dod.ws\/contact-2\/"},"modified":"2024-11-12T10:13:38","modified_gmt":"2024-11-12T10:13:38","slug":"contact","status":"publish","type":"page","link":"https:\/\/www.dod.ws\/es\/contact\/","title":{"rendered":"Contact"},"content":{"rendered":"\t\t<div data-elementor-type=\"wp-page\" data-elementor-id=\"13538\" class=\"elementor elementor-13538 elementor-13130\">\n\t\t\t\t\t\t<section class=\"elementor-section elementor-top-section elementor-element elementor-element-157fe407 elementor-section-height-min-height elementor-section-boxed elementor-section-height-default elementor-section-items-middle\" data-id=\"157fe407\" data-element_type=\"section\" data-e-type=\"section\" data-settings=\"{&quot;background_background&quot;:&quot;classic&quot;,&quot;shape_divider_bottom&quot;:&quot;curve-asymmetrical&quot;,&quot;shape_divider_bottom_negative&quot;:&quot;yes&quot;}\">\n\t\t\t\t\t\t\t<div class=\"elementor-background-overlay\"><\/div>\n\t\t\t\t\t\t<div class=\"elementor-shape elementor-shape-bottom\" aria-hidden=\"true\" data-negative=\"true\">\n\t\t\t<svg xmlns=\"http:\/\/www.w3.org\/2000\/svg\" viewBox=\"0 0 1000 100\" preserveAspectRatio=\"none\">\n\t<path class=\"elementor-shape-fill\" d=\"M615.2,96.7C240.2,97.8,0,18.9,0,0v100h1000V0C1000,19.2,989.8,96,615.2,96.7z\"\/>\n<\/svg>\t\t<\/div>\n\t\t\t\t\t<div class=\"elementor-container elementor-column-gap-default\">\n\t\t\t\t\t<div class=\"elementor-column elementor-col-50 elementor-top-column elementor-element elementor-element-7cd3075b\" data-id=\"7cd3075b\" data-element_type=\"column\" data-e-type=\"column\">\n\t\t\t<div class=\"elementor-widget-wrap elementor-element-populated\">\n\t\t\t\t\t\t<div class=\"elementor-element elementor-element-4fe58678 elementor-widget elementor-widget-heading\" data-id=\"4fe58678\" data-element_type=\"widget\" data-e-type=\"widget\" data-widget_type=\"heading.default\">\n\t\t\t\t<div class=\"elementor-widget-container\">\n\t\t\t\t\t<h1 class=\"elementor-heading-title elementor-size-default elementor-heading-title elementor-align-after-left elementor-align-after-mobile-center\">Contacto<\/h1>\t\t\t\t<\/div>\n\t\t\t\t<\/div>\n\t\t\t\t\t<\/div>\n\t\t<\/div>\n\t\t\t\t<div class=\"elementor-column elementor-col-50 elementor-top-column elementor-element elementor-element-69fbc483\" data-id=\"69fbc483\" data-element_type=\"column\" data-e-type=\"column\">\n\t\t\t<div class=\"elementor-widget-wrap\">\n\t\t\t\t\t\t\t<\/div>\n\t\t<\/div>\n\t\t\t\t\t<\/div>\n\t\t<\/section>\n\t\t\t\t<section class=\"elementor-section elementor-top-section elementor-element elementor-element-5d1c833e elementor-section-boxed elementor-section-height-default elementor-section-height-default\" data-id=\"5d1c833e\" data-element_type=\"section\" data-e-type=\"section\" data-settings=\"{&quot;background_background&quot;:&quot;classic&quot;}\">\n\t\t\t\t\t\t<div class=\"elementor-container elementor-column-gap-default\">\n\t\t\t\t\t<div class=\"elementor-column elementor-col-50 elementor-top-column elementor-element elementor-element-7c08d78c\" data-id=\"7c08d78c\" data-element_type=\"column\" data-e-type=\"column\">\n\t\t\t<div class=\"elementor-widget-wrap elementor-element-populated\">\n\t\t\t\t\t\t<div class=\"elementor-element elementor-element-4d513c4f elementor-widget elementor-widget-heading\" data-id=\"4d513c4f\" data-element_type=\"widget\" data-e-type=\"widget\" data-widget_type=\"heading.default\">\n\t\t\t\t<div class=\"elementor-widget-container\">\n\t\t\t\t\t<h2 class=\"elementor-heading-title elementor-size-default elementor-heading-title\">Ll\u00e1menos o env\u00ede una solicitud<\/h2>\t\t\t\t<\/div>\n\t\t\t\t<\/div>\n\t\t\t\t<div class=\"elementor-element elementor-element-787c0477 elementor-widget elementor-widget-heading\" data-id=\"787c0477\" data-element_type=\"widget\" data-e-type=\"widget\" data-widget_type=\"heading.default\">\n\t\t\t\t<div class=\"elementor-widget-container\">\n\t\t\t\t\t<span class=\"elementor-heading-title elementor-size-default elementor-heading-title\"><i class=\"ti-mobile\"><\/i><span><b>Oficina: +31 (0)594 - 51 41 44<\/b><br><b>\n<\/b><b>M\u00f3vil: +31 (0)6 127 83 647<\/b><\/span><\/span>\t\t\t\t<\/div>\n\t\t\t\t<\/div>\n\t\t\t\t<div class=\"elementor-element elementor-element-591ce85e elementor-widget elementor-widget-heading\" data-id=\"591ce85e\" data-element_type=\"widget\" data-e-type=\"widget\" data-widget_type=\"heading.default\">\n\t\t\t\t<div class=\"elementor-widget-container\">\n\t\t\t\t\t<span class=\"elementor-heading-title elementor-size-default elementor-heading-title\"><i class=\"ti-location-pin\"><\/i><span><b>Openingstijden<\/b><br>\nMa-vr: 9:00 - 18:00 uur<\/span><\/span>\t\t\t\t<\/div>\n\t\t\t\t<\/div>\n\t\t\t\t\t<\/div>\n\t\t<\/div>\n\t\t\t\t<div class=\"elementor-column elementor-col-50 elementor-top-column elementor-element elementor-element-1abf3bc\" data-id=\"1abf3bc\" data-element_type=\"column\" data-e-type=\"column\">\n\t\t\t<div class=\"elementor-widget-wrap elementor-element-populated\">\n\t\t\t\t\t\t<div class=\"elementor-element elementor-element-6052e60f elementor-widget elementor-widget-shortcode\" data-id=\"6052e60f\" data-element_type=\"widget\" data-e-type=\"widget\" data-widget_type=\"shortcode.default\">\n\t\t\t\t<div class=\"elementor-widget-container\">\n\t\t\t\t\t\t\t<div class=\"elementor-shortcode\">Freek Hermans <br\/>\n<strong>Correo electr\u00f3nico:<\/strong> <a href=\"mailto:freek@dod.ws\">freek@dod.ws<\/a><\/br><br\/>\nDOD InnovatioNL<br\/> van der Waalspark 7<br\/> 9351 VC LEEK<br\/> Pa\u00edses Bajos<\/div>\n\t\t\t\t\t\t<\/div>\n\t\t\t\t<\/div>\n\t\t\t\t\t<\/div>\n\t\t<\/div>\n\t\t\t\t\t<\/div>\n\t\t<\/section>\n\t\t\t\t<section class=\"elementor-section elementor-top-section elementor-element elementor-element-386fcd2f elementor-section-full_width elementor-section-height-default elementor-section-height-default\" data-id=\"386fcd2f\" data-element_type=\"section\" data-e-type=\"section\" data-settings=\"{&quot;background_background&quot;:&quot;classic&quot;}\">\n\t\t\t\t\t\t<div class=\"elementor-container elementor-column-gap-no\">\n\t\t\t\t\t<div class=\"elementor-column elementor-col-100 elementor-top-column elementor-element elementor-element-49ad0f59\" data-id=\"49ad0f59\" data-element_type=\"column\" data-e-type=\"column\">\n\t\t\t<div class=\"elementor-widget-wrap elementor-element-populated\">\n\t\t\t\t\t\t<section class=\"elementor-section elementor-inner-section elementor-element elementor-element-6d42167 elementor-section-boxed elementor-section-height-default elementor-section-height-default\" data-id=\"6d42167\" data-element_type=\"section\" data-e-type=\"section\">\n\t\t\t\t\t\t<div class=\"elementor-container elementor-column-gap-default\">\n\t\t\t\t\t<div class=\"elementor-column elementor-col-50 elementor-inner-column elementor-element elementor-element-5b0d61e6\" data-id=\"5b0d61e6\" data-element_type=\"column\" data-e-type=\"column\" data-settings=\"{&quot;background_background&quot;:&quot;classic&quot;}\">\n\t\t\t<div class=\"elementor-widget-wrap elementor-element-populated\">\n\t\t\t\t\t\t<div class=\"elementor-element elementor-element-1947b92a elementor-widget elementor-widget-heading\" data-id=\"1947b92a\" data-element_type=\"widget\" data-e-type=\"widget\" data-widget_type=\"heading.default\">\n\t\t\t\t<div class=\"elementor-widget-container\">\n\t\t\t\t\t<h2 class=\"elementor-heading-title elementor-size-default elementor-heading-title\">Nuestra direcci\u00f3n\n<\/h2>\t\t\t\t<\/div>\n\t\t\t\t<\/div>\n\t\t\t\t<div class=\"elementor-element elementor-element-3ea4e5a1 elementor-widget elementor-widget-text-editor\" data-id=\"3ea4e5a1\" data-element_type=\"widget\" data-e-type=\"widget\" data-widget_type=\"text-editor.default\">\n\t\t\t\t<div class=\"elementor-widget-container\">\n\t\t\t\t\t\t\t\t\t<p>Nos encontramos en Leek, cerca de la ciudad de Groninga. Aqu\u00ed tambi\u00e9n tenemos una SALA DE EXPOSICI\u00d3N donde puedes ver o probar los productos.<\/p>\t\t\t\t\t\t\t\t<\/div>\n\t\t\t\t<\/div>\n\t\t\t\t<div class=\"elementor-element elementor-element-10eed90d elementor-widget elementor-widget-heading\" data-id=\"10eed90d\" data-element_type=\"widget\" data-e-type=\"widget\" data-widget_type=\"heading.default\">\n\t\t\t\t<div class=\"elementor-widget-container\">\n\t\t\t\t\t<span class=\"elementor-heading-title elementor-size-default elementor-heading-title\"><i class=\"ti-location-pin\"><\/i><span><b>DOD InnovatioNL<\/b><br>\nvan der Waalspark 7<br>\n9351 VC LEEK<br>\nPa\u00edses Bajos<\/span><\/span>\t\t\t\t<\/div>\n\t\t\t\t<\/div>\n\t\t\t\t<div class=\"elementor-element elementor-element-7adabbd6 elementor-widget elementor-widget-heading\" data-id=\"7adabbd6\" data-element_type=\"widget\" data-e-type=\"widget\" data-widget_type=\"heading.default\">\n\t\t\t\t<div class=\"elementor-widget-container\">\n\t\t\t\t\t<span class=\"elementor-heading-title elementor-size-default elementor-heading-title\"><i class=\"ti-briefcase\"><\/i><span>KVK<br>\n01064426<\/span><\/span>\t\t\t\t<\/div>\n\t\t\t\t<\/div>\n\t\t\t\t\t<\/div>\n\t\t<\/div>\n\t\t\t\t<div class=\"elementor-column elementor-col-50 elementor-inner-column elementor-element elementor-element-7265e4\" data-id=\"7265e4\" data-element_type=\"column\" data-e-type=\"column\" data-settings=\"{&quot;background_background&quot;:&quot;classic&quot;}\">\n\t\t\t<div class=\"elementor-widget-wrap elementor-element-populated\">\n\t\t\t\t\t\t\t<\/div>\n\t\t<\/div>\n\t\t\t\t\t<\/div>\n\t\t<\/section>\n\t\t\t\t\t<\/div>\n\t\t<\/div>\n\t\t\t\t\t<\/div>\n\t\t<\/section>\n\t\t\t\t<\/div>\n\t\t","protected":false},"excerpt":{"rendered":"<p>Contacto Ll\u00e1menos o env\u00ede una solicitud Oficina: +31 (0)594 &#8211; 51 41 44 M\u00f3vil: +31 (0)6 127 83&#8230;<\/p>\n","protected":false},"author":1,"featured_media":0,"parent":0,"menu_order":0,"comment_status":"closed","ping_status":"closed","template":"elementor_canvas","meta":{"_joinchat":[],"footnotes":""},"class_list":["post-13538","page","type-page","status-publish","hentry"],"yoast_head":"<!-- This site is optimized with the Yoast SEO plugin v27.5 - https:\/\/yoast.com\/product\/yoast-seo-wordpress\/ -->\n<title>Contact - DOD Innovation<\/title>\n<meta name=\"description\" content=\"Neem contact op voor meer informatie over onze bakkerijmachines. Bezoek de showroom in Leek of stuur een aanvraag via e-mail of telefoon.\" \/>\n<meta name=\"robots\" content=\"index, follow, max-snippet:-1, max-image-preview:large, max-video-preview:-1\" \/>\n<link rel=\"canonical\" href=\"https:\/\/www.dod.ws\/es\/contact\/\" \/>\n<meta property=\"og:locale\" content=\"es_ES\" \/>\n<meta property=\"og:type\" content=\"article\" \/>\n<meta property=\"og:title\" content=\"Contact - DOD Innovation\" \/>\n<meta property=\"og:description\" content=\"Neem contact op voor meer informatie over onze bakkerijmachines. Bezoek de showroom in Leek of stuur een aanvraag via e-mail of telefoon.\" \/>\n<meta property=\"og:url\" content=\"https:\/\/www.dod.ws\/es\/contact\/\" \/>\n<meta property=\"og:site_name\" content=\"DOD Innovation\" \/>\n<meta property=\"article:publisher\" content=\"https:\/\/www.facebook.com\/broodsnijmachines.nl\/\" \/>\n<meta property=\"article:modified_time\" content=\"2024-11-12T10:13:38+00:00\" \/>\n<meta name=\"twitter:card\" content=\"summary_large_image\" \/>\n<meta name=\"twitter:label1\" content=\"Tiempo de lectura\" \/>\n\t<meta name=\"twitter:data1\" content=\"1 minuto\" \/>\n<script type=\"application\/ld+json\" class=\"yoast-schema-graph\">{\"@context\":\"https:\\\/\\\/schema.org\",\"@graph\":[{\"@type\":\"WebPage\",\"@id\":\"https:\\\/\\\/www.dod.ws\\\/es\\\/contact\\\/\",\"url\":\"https:\\\/\\\/www.dod.ws\\\/es\\\/contact\\\/\",\"name\":\"Contact - DOD Innovation\",\"isPartOf\":{\"@id\":\"https:\\\/\\\/www.dod.ws\\\/es\\\/#website\"},\"datePublished\":\"2018-07-28T16:07:51+00:00\",\"dateModified\":\"2024-11-12T10:13:38+00:00\",\"description\":\"Neem contact op voor meer informatie over onze bakkerijmachines. Bezoek de showroom in Leek of stuur een aanvraag via e-mail of telefoon.\",\"breadcrumb\":{\"@id\":\"https:\\\/\\\/www.dod.ws\\\/es\\\/contact\\\/#breadcrumb\"},\"inLanguage\":\"es\",\"potentialAction\":[{\"@type\":\"ReadAction\",\"target\":[\"https:\\\/\\\/www.dod.ws\\\/es\\\/contact\\\/\"]}]},{\"@type\":\"BreadcrumbList\",\"@id\":\"https:\\\/\\\/www.dod.ws\\\/es\\\/contact\\\/#breadcrumb\",\"itemListElement\":[{\"@type\":\"ListItem\",\"position\":1,\"name\":\"Home\",\"item\":\"https:\\\/\\\/www.dod.ws\\\/es\\\/\"},{\"@type\":\"ListItem\",\"position\":2,\"name\":\"Contact\"}]},{\"@type\":\"WebSite\",\"@id\":\"https:\\\/\\\/www.dod.ws\\\/es\\\/#website\",\"url\":\"https:\\\/\\\/www.dod.ws\\\/es\\\/\",\"name\":\"DOD Innovation\",\"description\":\"\",\"publisher\":{\"@id\":\"https:\\\/\\\/www.dod.ws\\\/es\\\/#organization\"},\"potentialAction\":[{\"@type\":\"SearchAction\",\"target\":{\"@type\":\"EntryPoint\",\"urlTemplate\":\"https:\\\/\\\/www.dod.ws\\\/es\\\/?s={search_term_string}\"},\"query-input\":{\"@type\":\"PropertyValueSpecification\",\"valueRequired\":true,\"valueName\":\"search_term_string\"}}],\"inLanguage\":\"es\"},{\"@type\":\"Organization\",\"@id\":\"https:\\\/\\\/www.dod.ws\\\/es\\\/#organization\",\"name\":\"DOD Innovation\",\"url\":\"https:\\\/\\\/www.dod.ws\\\/es\\\/\",\"logo\":{\"@type\":\"ImageObject\",\"inLanguage\":\"es\",\"@id\":\"https:\\\/\\\/www.dod.ws\\\/es\\\/#\\\/schema\\\/logo\\\/image\\\/\",\"url\":\"https:\\\/\\\/www.dod.ws\\\/wp-content\\\/uploads\\\/2023\\\/03\\\/favicon.png\",\"contentUrl\":\"https:\\\/\\\/www.dod.ws\\\/wp-content\\\/uploads\\\/2023\\\/03\\\/favicon.png\",\"width\":500,\"height\":500,\"caption\":\"DOD Innovation\"},\"image\":{\"@id\":\"https:\\\/\\\/www.dod.ws\\\/es\\\/#\\\/schema\\\/logo\\\/image\\\/\"},\"sameAs\":[\"https:\\\/\\\/www.facebook.com\\\/broodsnijmachines.nl\\\/\",\"https:\\\/\\\/www.instagram.com\\\/broodsnijmachines.nl\\\/\"]}]}<\/script>\n<!-- \/ Yoast SEO plugin. -->","yoast_head_json":{"title":"Contact - DOD Innovation","description":"Neem contact op voor meer informatie over onze bakkerijmachines. Bezoek de showroom in Leek of stuur een aanvraag via e-mail of telefoon.","robots":{"index":"index","follow":"follow","max-snippet":"max-snippet:-1","max-image-preview":"max-image-preview:large","max-video-preview":"max-video-preview:-1"},"canonical":"https:\/\/www.dod.ws\/es\/contact\/","og_locale":"es_ES","og_type":"article","og_title":"Contact - DOD Innovation","og_description":"Neem contact op voor meer informatie over onze bakkerijmachines. Bezoek de showroom in Leek of stuur een aanvraag via e-mail of telefoon.","og_url":"https:\/\/www.dod.ws\/es\/contact\/","og_site_name":"DOD Innovation","article_publisher":"https:\/\/www.facebook.com\/broodsnijmachines.nl\/","article_modified_time":"2024-11-12T10:13:38+00:00","twitter_card":"summary_large_image","twitter_misc":{"Tiempo de lectura":"1 minuto"},"schema":{"@context":"https:\/\/schema.org","@graph":[{"@type":"WebPage","@id":"https:\/\/www.dod.ws\/es\/contact\/","url":"https:\/\/www.dod.ws\/es\/contact\/","name":"Contact - DOD Innovation","isPartOf":{"@id":"https:\/\/www.dod.ws\/es\/#website"},"datePublished":"2018-07-28T16:07:51+00:00","dateModified":"2024-11-12T10:13:38+00:00","description":"Neem contact op voor meer informatie over onze bakkerijmachines. Bezoek de showroom in Leek of stuur een aanvraag via e-mail of telefoon.","breadcrumb":{"@id":"https:\/\/www.dod.ws\/es\/contact\/#breadcrumb"},"inLanguage":"es","potentialAction":[{"@type":"ReadAction","target":["https:\/\/www.dod.ws\/es\/contact\/"]}]},{"@type":"BreadcrumbList","@id":"https:\/\/www.dod.ws\/es\/contact\/#breadcrumb","itemListElement":[{"@type":"ListItem","position":1,"name":"Home","item":"https:\/\/www.dod.ws\/es\/"},{"@type":"ListItem","position":2,"name":"Contact"}]},{"@type":"WebSite","@id":"https:\/\/www.dod.ws\/es\/#website","url":"https:\/\/www.dod.ws\/es\/","name":"DOD Innovation","description":"","publisher":{"@id":"https:\/\/www.dod.ws\/es\/#organization"},"potentialAction":[{"@type":"SearchAction","target":{"@type":"EntryPoint","urlTemplate":"https:\/\/www.dod.ws\/es\/?s={search_term_string}"},"query-input":{"@type":"PropertyValueSpecification","valueRequired":true,"valueName":"search_term_string"}}],"inLanguage":"es"},{"@type":"Organization","@id":"https:\/\/www.dod.ws\/es\/#organization","name":"DOD Innovation","url":"https:\/\/www.dod.ws\/es\/","logo":{"@type":"ImageObject","inLanguage":"es","@id":"https:\/\/www.dod.ws\/es\/#\/schema\/logo\/image\/","url":"https:\/\/www.dod.ws\/wp-content\/uploads\/2023\/03\/favicon.png","contentUrl":"https:\/\/www.dod.ws\/wp-content\/uploads\/2023\/03\/favicon.png","width":500,"height":500,"caption":"DOD Innovation"},"image":{"@id":"https:\/\/www.dod.ws\/es\/#\/schema\/logo\/image\/"},"sameAs":["https:\/\/www.facebook.com\/broodsnijmachines.nl\/","https:\/\/www.instagram.com\/broodsnijmachines.nl\/"]}]}},"_links":{"self":[{"href":"https:\/\/www.dod.ws\/es\/wp-json\/wp\/v2\/pages\/13538","targetHints":{"allow":["GET"]}}],"collection":[{"href":"https:\/\/www.dod.ws\/es\/wp-json\/wp\/v2\/pages"}],"about":[{"href":"https:\/\/www.dod.ws\/es\/wp-json\/wp\/v2\/types\/page"}],"author":[{"embeddable":true,"href":"https:\/\/www.dod.ws\/es\/wp-json\/wp\/v2\/users\/1"}],"replies":[{"embeddable":true,"href":"https:\/\/www.dod.ws\/es\/wp-json\/wp\/v2\/comments?post=13538"}],"version-history":[{"count":7,"href":"https:\/\/www.dod.ws\/es\/wp-json\/wp\/v2\/pages\/13538\/revisions"}],"predecessor-version":[{"id":13882,"href":"https:\/\/www.dod.ws\/es\/wp-json\/wp\/v2\/pages\/13538\/revisions\/13882"}],"wp:attachment":[{"href":"https:\/\/www.dod.ws\/es\/wp-json\/wp\/v2\/media?parent=13538"}],"curies":[{"name":"wp","href":"https:\/\/api.w.org\/{rel}","templated":true}]}}