{"id":13074,"date":"2023-04-24T12:00:43","date_gmt":"2023-04-24T12:00:43","guid":{"rendered":"https:\/\/www.dod.ws\/referencias\/"},"modified":"2024-08-16T11:56:40","modified_gmt":"2024-08-16T11:56:40","slug":"referencias","status":"publish","type":"page","link":"https:\/\/www.dod.ws\/es\/referencias\/","title":{"rendered":"Referencias"},"content":{"rendered":"\t\t<div data-elementor-type=\"wp-page\" data-elementor-id=\"13074\" class=\"elementor elementor-13074 elementor-11595\">\n\t\t\t\t\t\t<section class=\"elementor-section elementor-top-section elementor-element elementor-element-47ed21e2 elementor-section-height-min-height elementor-section-boxed elementor-section-height-default elementor-section-items-middle\" data-id=\"47ed21e2\" data-element_type=\"section\" data-e-type=\"section\" data-settings=\"{&quot;background_background&quot;:&quot;classic&quot;,&quot;shape_divider_bottom&quot;:&quot;curve-asymmetrical&quot;,&quot;shape_divider_bottom_negative&quot;:&quot;yes&quot;}\">\n\t\t\t\t\t\t\t<div class=\"elementor-background-overlay\"><\/div>\n\t\t\t\t\t\t<div class=\"elementor-shape elementor-shape-bottom\" aria-hidden=\"true\" data-negative=\"true\">\n\t\t\t<svg xmlns=\"http:\/\/www.w3.org\/2000\/svg\" viewBox=\"0 0 1000 100\" preserveAspectRatio=\"none\">\n\t<path class=\"elementor-shape-fill\" d=\"M615.2,96.7C240.2,97.8,0,18.9,0,0v100h1000V0C1000,19.2,989.8,96,615.2,96.7z\"\/>\n<\/svg>\t\t<\/div>\n\t\t\t\t\t<div class=\"elementor-container elementor-column-gap-default\">\n\t\t\t\t\t<div class=\"elementor-column elementor-col-50 elementor-top-column elementor-element elementor-element-789a38d5\" data-id=\"789a38d5\" data-element_type=\"column\" data-e-type=\"column\">\n\t\t\t<div class=\"elementor-widget-wrap elementor-element-populated\">\n\t\t\t\t\t\t<div class=\"elementor-element elementor-element-304e0507 elementor-widget elementor-widget-heading\" data-id=\"304e0507\" data-element_type=\"widget\" data-e-type=\"widget\" data-widget_type=\"heading.default\">\n\t\t\t\t<div class=\"elementor-widget-container\">\n\t\t\t\t\t<h2 class=\"elementor-heading-title elementor-size-default elementor-heading-title elementor-align-after-left elementor-align-after-mobile-center\"><p>Referencias<\/p><\/h2>\t\t\t\t<\/div>\n\t\t\t\t<\/div>\n\t\t\t\t\t<\/div>\n\t\t<\/div>\n\t\t\t\t<div class=\"elementor-column elementor-col-50 elementor-top-column elementor-element elementor-element-675e1e8f\" data-id=\"675e1e8f\" data-element_type=\"column\" data-e-type=\"column\">\n\t\t\t<div class=\"elementor-widget-wrap\">\n\t\t\t\t\t\t\t<\/div>\n\t\t<\/div>\n\t\t\t\t\t<\/div>\n\t\t<\/section>\n\t\t\t\t<section class=\"elementor-section elementor-top-section elementor-element elementor-element-1f2146de elementor-section-boxed elementor-section-height-default elementor-section-height-default\" data-id=\"1f2146de\" data-element_type=\"section\" data-e-type=\"section\" data-settings=\"{&quot;background_background&quot;:&quot;classic&quot;}\">\n\t\t\t\t\t\t<div class=\"elementor-container elementor-column-gap-default\">\n\t\t\t\t\t<div class=\"elementor-column elementor-col-50 elementor-top-column elementor-element elementor-element-7445f410\" data-id=\"7445f410\" data-element_type=\"column\" data-e-type=\"column\">\n\t\t\t<div class=\"elementor-widget-wrap elementor-element-populated\">\n\t\t\t\t\t\t<div class=\"elementor-element elementor-element-52435085 elementor-widget elementor-widget-heading\" data-id=\"52435085\" data-element_type=\"widget\" data-e-type=\"widget\" data-widget_type=\"heading.default\">\n\t\t\t\t<div class=\"elementor-widget-container\">\n\t\t\t\t\t<h3 class=\"elementor-heading-title elementor-size-default elementor-heading-title\"><p>Supermercado Albert Heijn<\/p><\/h3>\t\t\t\t<\/div>\n\t\t\t\t<\/div>\n\t\t\t\t<div class=\"elementor-element elementor-element-dc904be elementor-widget elementor-widget-testimonial\" data-id=\"dc904be\" data-element_type=\"widget\" data-e-type=\"widget\" data-widget_type=\"testimonial.default\">\n\t\t\t\t<div class=\"elementor-widget-container\">\n\t\t\t\t\t\t\t<div class=\"elementor-testimonial-wrapper\">\n\t\t\t\t\t\t\t<div class=\"elementor-testimonial-content\"><p>Estamos muy contentos con la m\u00e1quina ClipClose. Funciona de forma r\u00e1pida, eficaz y limpia. Realmente funciona mejor y de forma m\u00e1s consistente que el Cierra Cuello de Bolsa. Los clientes nos han hecho muchos cumplidos con este nuevo cierre de clip reutilizable.<\/p>\n<\/div>\n\t\t\t\n\t\t\t\t\t\t<div class=\"elementor-testimonial-meta\">\n\t\t\t\t<div class=\"elementor-testimonial-meta-inner\">\n\t\t\t\t\t\n\t\t\t\t\t\t\t\t\t\t<div class=\"elementor-testimonial-details\">\n\t\t\t\t\t\t\t\t\t\t\t\t\t\t<div class=\"elementor-testimonial-name\">Priscilla y Estefan\u00eda<\/div>\n\t\t\t\t\t\t\t\t\t\t\t\t\t\t\t\t\t\t\t\t\t\t<div class=\"elementor-testimonial-job\">Empleados Albert Heijn<\/div>\n\t\t\t\t\t\t\t\t\t\t\t\t\t<\/div>\n\t\t\t\t\t\t\t\t\t<\/div>\n\t\t\t<\/div>\n\t\t\t\t\t<\/div>\n\t\t\t\t\t\t<\/div>\n\t\t\t\t<\/div>\n\t\t\t\t\t<\/div>\n\t\t<\/div>\n\t\t\t\t<div class=\"elementor-column elementor-col-50 elementor-top-column elementor-element elementor-element-40ed9534\" data-id=\"40ed9534\" data-element_type=\"column\" data-e-type=\"column\" data-settings=\"{&quot;background_background&quot;:&quot;classic&quot;}\">\n\t\t\t<div class=\"elementor-widget-wrap elementor-element-populated\">\n\t\t\t\t\t\t<div class=\"elementor-element elementor-element-75db358 elementor-widget elementor-widget-image\" data-id=\"75db358\" data-element_type=\"widget\" data-e-type=\"widget\" data-widget_type=\"image.default\">\n\t\t\t\t<div class=\"elementor-widget-container\">\n\t\t\t\t\t\t\t\t\t\t\t\t\t\t\t<img fetchpriority=\"high\" decoding=\"async\" width=\"940\" height=\"662\" src=\"https:\/\/www.dod.ws\/wp-content\/uploads\/2023\/04\/happy-ah-1024x721.jpg\" class=\"attachment-large size-large wp-image-11613\" alt=\"\" srcset=\"https:\/\/www.dod.ws\/wp-content\/uploads\/2023\/04\/happy-ah-1024x721.jpg 1024w, https:\/\/www.dod.ws\/wp-content\/uploads\/2023\/04\/happy-ah-300x211.jpg 300w, https:\/\/www.dod.ws\/wp-content\/uploads\/2023\/04\/happy-ah-768x541.jpg 768w, https:\/\/www.dod.ws\/wp-content\/uploads\/2023\/04\/happy-ah-285x201.jpg 285w, https:\/\/www.dod.ws\/wp-content\/uploads\/2023\/04\/happy-ah-660x465.jpg 660w, https:\/\/www.dod.ws\/wp-content\/uploads\/2023\/04\/happy-ah-150x106.jpg 150w, https:\/\/www.dod.ws\/wp-content\/uploads\/2023\/04\/happy-ah.jpg 1200w\" sizes=\"(max-width: 940px) 100vw, 940px\" \/>\t\t\t\t\t\t\t\t\t\t\t\t\t\t\t<\/div>\n\t\t\t\t<\/div>\n\t\t\t\t\t<\/div>\n\t\t<\/div>\n\t\t\t\t\t<\/div>\n\t\t<\/section>\n\t\t\t\t<section class=\"elementor-section elementor-top-section elementor-element elementor-element-fee7dfc elementor-section-boxed elementor-section-height-default elementor-section-height-default\" data-id=\"fee7dfc\" data-element_type=\"section\" data-e-type=\"section\" data-settings=\"{&quot;background_background&quot;:&quot;classic&quot;}\">\n\t\t\t\t\t\t<div class=\"elementor-container elementor-column-gap-default\">\n\t\t\t\t\t<div class=\"elementor-column elementor-col-50 elementor-top-column elementor-element elementor-element-c214098\" data-id=\"c214098\" data-element_type=\"column\" data-e-type=\"column\" data-settings=\"{&quot;background_background&quot;:&quot;classic&quot;}\">\n\t\t\t<div class=\"elementor-widget-wrap elementor-element-populated\">\n\t\t\t\t\t\t<div class=\"elementor-element elementor-element-d362278 elementor-widget elementor-widget-image\" data-id=\"d362278\" data-element_type=\"widget\" data-e-type=\"widget\" data-widget_type=\"image.default\">\n\t\t\t\t<div class=\"elementor-widget-container\">\n\t\t\t\t\t\t\t\t\t\t\t\t\t\t\t<img decoding=\"async\" width=\"940\" height=\"661\" src=\"https:\/\/www.dod.ws\/wp-content\/uploads\/2023\/05\/IMG_4324-2-e1683810396793-1024x720.jpeg\" class=\"attachment-large size-large wp-image-12005\" alt=\"\" srcset=\"https:\/\/www.dod.ws\/wp-content\/uploads\/2023\/05\/IMG_4324-2-e1683810396793-1024x720.jpeg 1024w, https:\/\/www.dod.ws\/wp-content\/uploads\/2023\/05\/IMG_4324-2-e1683810396793-300x211.jpeg 300w, https:\/\/www.dod.ws\/wp-content\/uploads\/2023\/05\/IMG_4324-2-e1683810396793-768x540.jpeg 768w, https:\/\/www.dod.ws\/wp-content\/uploads\/2023\/05\/IMG_4324-2-e1683810396793-285x200.jpeg 285w, https:\/\/www.dod.ws\/wp-content\/uploads\/2023\/05\/IMG_4324-2-e1683810396793-660x464.jpeg 660w, https:\/\/www.dod.ws\/wp-content\/uploads\/2023\/05\/IMG_4324-2-e1683810396793-150x105.jpeg 150w, https:\/\/www.dod.ws\/wp-content\/uploads\/2023\/05\/IMG_4324-2-e1683810396793.jpeg 1536w\" sizes=\"(max-width: 940px) 100vw, 940px\" \/>\t\t\t\t\t\t\t\t\t\t\t\t\t\t\t<\/div>\n\t\t\t\t<\/div>\n\t\t\t\t\t<\/div>\n\t\t<\/div>\n\t\t\t\t<div class=\"elementor-column elementor-col-50 elementor-top-column elementor-element elementor-element-b8c6540\" data-id=\"b8c6540\" data-element_type=\"column\" data-e-type=\"column\">\n\t\t\t<div class=\"elementor-widget-wrap elementor-element-populated\">\n\t\t\t\t\t\t<div class=\"elementor-element elementor-element-32a5bae elementor-widget elementor-widget-heading\" data-id=\"32a5bae\" data-element_type=\"widget\" data-e-type=\"widget\" data-widget_type=\"heading.default\">\n\t\t\t\t<div class=\"elementor-widget-container\">\n\t\t\t\t\t<h3 class=\"elementor-heading-title elementor-size-default elementor-heading-title\"><p>Supermercado Jumbo<\/p><\/h3>\t\t\t\t<\/div>\n\t\t\t\t<\/div>\n\t\t\t\t<div class=\"elementor-element elementor-element-319c457 elementor-widget elementor-widget-testimonial\" data-id=\"319c457\" data-element_type=\"widget\" data-e-type=\"widget\" data-widget_type=\"testimonial.default\">\n\t\t\t\t<div class=\"elementor-widget-container\">\n\t\t\t\t\t\t\t<div class=\"elementor-testimonial-wrapper\">\n\t\t\t\t\t\t\t<div class=\"elementor-testimonial-content\"><p>El Clip Close ayuda de muchas formas diferentes y mejora la eficacia y la velocidad con la que se cierran los productos. Tambi\u00e9n ayudamos al medio ambiente con los clips, que son 100% reciclables.<\/p>\n<\/div>\n\t\t\t\n\t\t\t\t\t\t<div class=\"elementor-testimonial-meta\">\n\t\t\t\t<div class=\"elementor-testimonial-meta-inner\">\n\t\t\t\t\t\n\t\t\t\t\t\t\t\t\t\t<div class=\"elementor-testimonial-details\">\n\t\t\t\t\t\t\t\t\t\t\t\t\t\t<div class=\"elementor-testimonial-name\">Supermercado Albert Heijn<\/div>\n\t\t\t\t\t\t\t\t\t\t\t\t\t\t\t\t\t\t\t\t\t\t<div class=\"elementor-testimonial-job\">Director AH<\/div>\n\t\t\t\t\t\t\t\t\t\t\t\t\t<\/div>\n\t\t\t\t\t\t\t\t\t<\/div>\n\t\t\t<\/div>\n\t\t\t\t\t<\/div>\n\t\t\t\t\t\t<\/div>\n\t\t\t\t<\/div>\n\t\t\t\t\t<\/div>\n\t\t<\/div>\n\t\t\t\t\t<\/div>\n\t\t<\/section>\n\t\t\t\t<section class=\"elementor-section elementor-top-section elementor-element elementor-element-65a8600 elementor-section-boxed elementor-section-height-default elementor-section-height-default\" data-id=\"65a8600\" data-element_type=\"section\" data-e-type=\"section\" data-settings=\"{&quot;background_background&quot;:&quot;classic&quot;}\">\n\t\t\t\t\t\t<div class=\"elementor-container elementor-column-gap-default\">\n\t\t\t\t\t<div class=\"elementor-column elementor-col-50 elementor-top-column elementor-element elementor-element-959fa7b\" data-id=\"959fa7b\" data-element_type=\"column\" data-e-type=\"column\">\n\t\t\t<div class=\"elementor-widget-wrap elementor-element-populated\">\n\t\t\t\t\t\t<div class=\"elementor-element elementor-element-07a795e elementor-widget elementor-widget-heading\" data-id=\"07a795e\" data-element_type=\"widget\" data-e-type=\"widget\" data-widget_type=\"heading.default\">\n\t\t\t\t<div class=\"elementor-widget-container\">\n\t\t\t\t\t<h3 class=\"elementor-heading-title elementor-size-default elementor-heading-title\"><p>Panader\u00eda Fledderus Zeijen  <\/p><\/h3>\t\t\t\t<\/div>\n\t\t\t\t<\/div>\n\t\t\t\t<div class=\"elementor-element elementor-element-5368bb8 elementor-widget elementor-widget-testimonial\" data-id=\"5368bb8\" data-element_type=\"widget\" data-e-type=\"widget\" data-widget_type=\"testimonial.default\">\n\t\t\t\t<div class=\"elementor-widget-container\">\n\t\t\t\t\t\t\t<div class=\"elementor-testimonial-wrapper\">\n\t\t\t\n\t\t\t\t\t\t<div class=\"elementor-testimonial-meta\">\n\t\t\t\t<div class=\"elementor-testimonial-meta-inner\">\n\t\t\t\t\t\n\t\t\t\t\t\t\t\t\t\t<div class=\"elementor-testimonial-details\">\n\t\t\t\t\t\t\t\t\t\t\t\t\t\t<div class=\"elementor-testimonial-name\">Panader\u00eda Fledderus<\/div>\n\t\t\t\t\t\t\t\t\t\t\t\t\t\t\t\t\t\t\t\t\t\t<div class=\"elementor-testimonial-job\">Panader\u00eda con 4 tiendas<\/div>\n\t\t\t\t\t\t\t\t\t\t\t\t\t<\/div>\n\t\t\t\t\t\t\t\t\t<\/div>\n\t\t\t<\/div>\n\t\t\t\t\t<\/div>\n\t\t\t\t\t\t<\/div>\n\t\t\t\t<\/div>\n\t\t\t\t\t<\/div>\n\t\t<\/div>\n\t\t\t\t<div class=\"elementor-column elementor-col-50 elementor-top-column elementor-element elementor-element-6a603e7\" data-id=\"6a603e7\" data-element_type=\"column\" data-e-type=\"column\" data-settings=\"{&quot;background_background&quot;:&quot;classic&quot;}\">\n\t\t\t<div class=\"elementor-widget-wrap elementor-element-populated\">\n\t\t\t\t\t\t<div class=\"elementor-element elementor-element-1a2cbc4 elementor-widget elementor-widget-image\" data-id=\"1a2cbc4\" data-element_type=\"widget\" data-e-type=\"widget\" data-widget_type=\"image.default\">\n\t\t\t\t<div class=\"elementor-widget-container\">\n\t\t\t\t\t\t\t\t\t\t\t\t\t\t\t<img decoding=\"async\" width=\"940\" height=\"961\" src=\"https:\/\/www.dod.ws\/wp-content\/uploads\/2023\/05\/Fledderus-1-1002x1024.jpg\" class=\"attachment-large size-large wp-image-11936\" alt=\"\" srcset=\"https:\/\/www.dod.ws\/wp-content\/uploads\/2023\/05\/Fledderus-1-1002x1024.jpg 1002w, https:\/\/www.dod.ws\/wp-content\/uploads\/2023\/05\/Fledderus-1-294x300.jpg 294w, https:\/\/www.dod.ws\/wp-content\/uploads\/2023\/05\/Fledderus-1-768x785.jpg 768w, https:\/\/www.dod.ws\/wp-content\/uploads\/2023\/05\/Fledderus-1-285x291.jpg 285w, https:\/\/www.dod.ws\/wp-content\/uploads\/2023\/05\/Fledderus-1-646x660.jpg 646w, https:\/\/www.dod.ws\/wp-content\/uploads\/2023\/05\/Fledderus-1-147x150.jpg 147w, https:\/\/www.dod.ws\/wp-content\/uploads\/2023\/05\/Fledderus-1.jpg 1420w\" sizes=\"(max-width: 940px) 100vw, 940px\" \/>\t\t\t\t\t\t\t\t\t\t\t\t\t\t\t<\/div>\n\t\t\t\t<\/div>\n\t\t\t\t\t<\/div>\n\t\t<\/div>\n\t\t\t\t\t<\/div>\n\t\t<\/section>\n\t\t\t\t<section class=\"elementor-section elementor-top-section elementor-element elementor-element-c9035a2 elementor-section-boxed elementor-section-height-default elementor-section-height-default\" data-id=\"c9035a2\" data-element_type=\"section\" data-e-type=\"section\" data-settings=\"{&quot;background_background&quot;:&quot;classic&quot;}\">\n\t\t\t\t\t\t<div class=\"elementor-container elementor-column-gap-default\">\n\t\t\t\t\t<div class=\"elementor-column elementor-col-50 elementor-top-column elementor-element elementor-element-403c3aa\" data-id=\"403c3aa\" data-element_type=\"column\" data-e-type=\"column\" data-settings=\"{&quot;background_background&quot;:&quot;classic&quot;}\">\n\t\t\t<div class=\"elementor-widget-wrap elementor-element-populated\">\n\t\t\t\t\t\t<div class=\"elementor-element elementor-element-a6c8265 elementor-widget elementor-widget-image\" data-id=\"a6c8265\" data-element_type=\"widget\" data-e-type=\"widget\" data-widget_type=\"image.default\">\n\t\t\t\t<div class=\"elementor-widget-container\">\n\t\t\t\t\t\t\t\t\t\t\t\t\t\t\t<img loading=\"lazy\" decoding=\"async\" width=\"940\" height=\"529\" src=\"https:\/\/www.dod.ws\/wp-content\/uploads\/2023\/06\/Verloop-bakkers-1024x576.jpg\" class=\"attachment-large size-large wp-image-12019\" alt=\"\" srcset=\"https:\/\/www.dod.ws\/wp-content\/uploads\/2023\/06\/Verloop-bakkers-1024x576.jpg 1024w, https:\/\/www.dod.ws\/wp-content\/uploads\/2023\/06\/Verloop-bakkers-300x169.jpg 300w, https:\/\/www.dod.ws\/wp-content\/uploads\/2023\/06\/Verloop-bakkers-768x432.jpg 768w, https:\/\/www.dod.ws\/wp-content\/uploads\/2023\/06\/Verloop-bakkers-1536x864.jpg 1536w, https:\/\/www.dod.ws\/wp-content\/uploads\/2023\/06\/Verloop-bakkers-2048x1152.jpg 2048w, https:\/\/www.dod.ws\/wp-content\/uploads\/2023\/06\/Verloop-bakkers-285x160.jpg 285w, https:\/\/www.dod.ws\/wp-content\/uploads\/2023\/06\/Verloop-bakkers-1600x900.jpg 1600w, https:\/\/www.dod.ws\/wp-content\/uploads\/2023\/06\/Verloop-bakkers-660x371.jpg 660w, https:\/\/www.dod.ws\/wp-content\/uploads\/2023\/06\/Verloop-bakkers-150x84.jpg 150w\" sizes=\"(max-width: 940px) 100vw, 940px\" \/>\t\t\t\t\t\t\t\t\t\t\t\t\t\t\t<\/div>\n\t\t\t\t<\/div>\n\t\t\t\t\t<\/div>\n\t\t<\/div>\n\t\t\t\t<div class=\"elementor-column elementor-col-50 elementor-top-column elementor-element elementor-element-fc013a3\" data-id=\"fc013a3\" data-element_type=\"column\" data-e-type=\"column\">\n\t\t\t<div class=\"elementor-widget-wrap elementor-element-populated\">\n\t\t\t\t\t\t<div class=\"elementor-element elementor-element-b2288dd elementor-widget elementor-widget-heading\" data-id=\"b2288dd\" data-element_type=\"widget\" data-e-type=\"widget\" data-widget_type=\"heading.default\">\n\t\t\t\t<div class=\"elementor-widget-container\">\n\t\t\t\t\t<h3 class=\"elementor-heading-title elementor-size-default elementor-heading-title\"><p>Bakkerij Verloop Gorredijk<\/p><\/h3>\t\t\t\t<\/div>\n\t\t\t\t<\/div>\n\t\t\t\t<div class=\"elementor-element elementor-element-a3c8e4c elementor-widget elementor-widget-testimonial\" data-id=\"a3c8e4c\" data-element_type=\"widget\" data-e-type=\"widget\" data-widget_type=\"testimonial.default\">\n\t\t\t\t<div class=\"elementor-widget-container\">\n\t\t\t\t\t\t\t<div class=\"elementor-testimonial-wrapper\">\n\t\t\t\t\t\t\t<div class=\"elementor-testimonial-content\"><p>Tras 3 semanas utilizando la nueva ClipClose, \u00a1felices con su nueva precintadora! Los clientes y usuarios satisfechos son nuestro principal objetivo y demuestran la continuidad de nuestras relaciones.<\/p>\n<\/div>\n\t\t\t\n\t\t\t\t\t<\/div>\n\t\t\t\t\t\t<\/div>\n\t\t\t\t<\/div>\n\t\t\t\t\t<\/div>\n\t\t<\/div>\n\t\t\t\t\t<\/div>\n\t\t<\/section>\n\t\t\t\t<\/div>\n\t\t","protected":false},"excerpt":{"rendered":"<p>Referencias Supermercado Albert Heijn Estamos muy contentos con la m\u00e1quina ClipClose. Funciona de forma r\u00e1pida, eficaz y limpia&#8230;.<\/p>\n","protected":false},"author":1,"featured_media":0,"parent":0,"menu_order":0,"comment_status":"closed","ping_status":"closed","template":"elementor_canvas","meta":{"_joinchat":[],"footnotes":""},"class_list":["post-13074","page","type-page","status-publish","hentry"],"yoast_head":"<!-- This site is optimized with the Yoast SEO plugin v27.5 - https:\/\/yoast.com\/product\/yoast-seo-wordpress\/ -->\n<title>Referencias - DOD Innovation<\/title>\n<meta name=\"robots\" content=\"index, follow, max-snippet:-1, max-image-preview:large, max-video-preview:-1\" \/>\n<link rel=\"canonical\" href=\"https:\/\/www.dod.ws\/es\/referencias\/\" \/>\n<meta property=\"og:locale\" content=\"es_ES\" \/>\n<meta property=\"og:type\" content=\"article\" \/>\n<meta property=\"og:title\" content=\"Referencias - DOD Innovation\" \/>\n<meta property=\"og:description\" content=\"Referencias Supermercado Albert Heijn Estamos muy contentos con la m\u00e1quina ClipClose. Funciona de forma r\u00e1pida, eficaz y limpia....\" \/>\n<meta property=\"og:url\" content=\"https:\/\/www.dod.ws\/es\/referencias\/\" \/>\n<meta property=\"og:site_name\" content=\"DOD Innovation\" \/>\n<meta property=\"article:publisher\" content=\"https:\/\/www.facebook.com\/broodsnijmachines.nl\/\" \/>\n<meta property=\"article:modified_time\" content=\"2024-08-16T11:56:40+00:00\" \/>\n<meta property=\"og:image\" content=\"https:\/\/www.dod.ws\/wp-content\/uploads\/2023\/04\/happy-ah-1024x721.jpg\" \/>\n<meta name=\"twitter:card\" content=\"summary_large_image\" \/>\n<meta name=\"twitter:label1\" content=\"Tiempo de lectura\" \/>\n\t<meta name=\"twitter:data1\" content=\"1 minuto\" \/>\n<script type=\"application\/ld+json\" class=\"yoast-schema-graph\">{\"@context\":\"https:\\\/\\\/schema.org\",\"@graph\":[{\"@type\":\"WebPage\",\"@id\":\"https:\\\/\\\/www.dod.ws\\\/es\\\/referencias\\\/\",\"url\":\"https:\\\/\\\/www.dod.ws\\\/es\\\/referencias\\\/\",\"name\":\"Referencias - DOD Innovation\",\"isPartOf\":{\"@id\":\"https:\\\/\\\/www.dod.ws\\\/es\\\/#website\"},\"primaryImageOfPage\":{\"@id\":\"https:\\\/\\\/www.dod.ws\\\/es\\\/referencias\\\/#primaryimage\"},\"image\":{\"@id\":\"https:\\\/\\\/www.dod.ws\\\/es\\\/referencias\\\/#primaryimage\"},\"thumbnailUrl\":\"https:\\\/\\\/www.dod.ws\\\/wp-content\\\/uploads\\\/2023\\\/04\\\/happy-ah-1024x721.webp\",\"datePublished\":\"2023-04-24T12:00:43+00:00\",\"dateModified\":\"2024-08-16T11:56:40+00:00\",\"breadcrumb\":{\"@id\":\"https:\\\/\\\/www.dod.ws\\\/es\\\/referencias\\\/#breadcrumb\"},\"inLanguage\":\"es\",\"potentialAction\":[{\"@type\":\"ReadAction\",\"target\":[\"https:\\\/\\\/www.dod.ws\\\/es\\\/referencias\\\/\"]}]},{\"@type\":\"ImageObject\",\"inLanguage\":\"es\",\"@id\":\"https:\\\/\\\/www.dod.ws\\\/es\\\/referencias\\\/#primaryimage\",\"url\":\"https:\\\/\\\/www.dod.ws\\\/wp-content\\\/uploads\\\/2023\\\/04\\\/happy-ah-1024x721.webp\",\"contentUrl\":\"https:\\\/\\\/www.dod.ws\\\/wp-content\\\/uploads\\\/2023\\\/04\\\/happy-ah-1024x721.webp\"},{\"@type\":\"BreadcrumbList\",\"@id\":\"https:\\\/\\\/www.dod.ws\\\/es\\\/referencias\\\/#breadcrumb\",\"itemListElement\":[{\"@type\":\"ListItem\",\"position\":1,\"name\":\"Home\",\"item\":\"https:\\\/\\\/www.dod.ws\\\/es\\\/\"},{\"@type\":\"ListItem\",\"position\":2,\"name\":\"Referencias\"}]},{\"@type\":\"WebSite\",\"@id\":\"https:\\\/\\\/www.dod.ws\\\/es\\\/#website\",\"url\":\"https:\\\/\\\/www.dod.ws\\\/es\\\/\",\"name\":\"DOD Innovation\",\"description\":\"\",\"publisher\":{\"@id\":\"https:\\\/\\\/www.dod.ws\\\/es\\\/#organization\"},\"potentialAction\":[{\"@type\":\"SearchAction\",\"target\":{\"@type\":\"EntryPoint\",\"urlTemplate\":\"https:\\\/\\\/www.dod.ws\\\/es\\\/?s={search_term_string}\"},\"query-input\":{\"@type\":\"PropertyValueSpecification\",\"valueRequired\":true,\"valueName\":\"search_term_string\"}}],\"inLanguage\":\"es\"},{\"@type\":\"Organization\",\"@id\":\"https:\\\/\\\/www.dod.ws\\\/es\\\/#organization\",\"name\":\"DOD Innovation\",\"url\":\"https:\\\/\\\/www.dod.ws\\\/es\\\/\",\"logo\":{\"@type\":\"ImageObject\",\"inLanguage\":\"es\",\"@id\":\"https:\\\/\\\/www.dod.ws\\\/es\\\/#\\\/schema\\\/logo\\\/image\\\/\",\"url\":\"https:\\\/\\\/www.dod.ws\\\/wp-content\\\/uploads\\\/2023\\\/03\\\/favicon.png\",\"contentUrl\":\"https:\\\/\\\/www.dod.ws\\\/wp-content\\\/uploads\\\/2023\\\/03\\\/favicon.png\",\"width\":500,\"height\":500,\"caption\":\"DOD Innovation\"},\"image\":{\"@id\":\"https:\\\/\\\/www.dod.ws\\\/es\\\/#\\\/schema\\\/logo\\\/image\\\/\"},\"sameAs\":[\"https:\\\/\\\/www.facebook.com\\\/broodsnijmachines.nl\\\/\",\"https:\\\/\\\/www.instagram.com\\\/broodsnijmachines.nl\\\/\"]}]}<\/script>\n<!-- \/ Yoast SEO plugin. -->","yoast_head_json":{"title":"Referencias - DOD Innovation","robots":{"index":"index","follow":"follow","max-snippet":"max-snippet:-1","max-image-preview":"max-image-preview:large","max-video-preview":"max-video-preview:-1"},"canonical":"https:\/\/www.dod.ws\/es\/referencias\/","og_locale":"es_ES","og_type":"article","og_title":"Referencias - DOD Innovation","og_description":"Referencias Supermercado Albert Heijn Estamos muy contentos con la m\u00e1quina ClipClose. Funciona de forma r\u00e1pida, eficaz y limpia....","og_url":"https:\/\/www.dod.ws\/es\/referencias\/","og_site_name":"DOD Innovation","article_publisher":"https:\/\/www.facebook.com\/broodsnijmachines.nl\/","article_modified_time":"2024-08-16T11:56:40+00:00","og_image":[{"url":"https:\/\/www.dod.ws\/wp-content\/uploads\/2023\/04\/happy-ah-1024x721.jpg","type":"","width":"","height":""}],"twitter_card":"summary_large_image","twitter_misc":{"Tiempo de lectura":"1 minuto"},"schema":{"@context":"https:\/\/schema.org","@graph":[{"@type":"WebPage","@id":"https:\/\/www.dod.ws\/es\/referencias\/","url":"https:\/\/www.dod.ws\/es\/referencias\/","name":"Referencias - DOD Innovation","isPartOf":{"@id":"https:\/\/www.dod.ws\/es\/#website"},"primaryImageOfPage":{"@id":"https:\/\/www.dod.ws\/es\/referencias\/#primaryimage"},"image":{"@id":"https:\/\/www.dod.ws\/es\/referencias\/#primaryimage"},"thumbnailUrl":"https:\/\/www.dod.ws\/wp-content\/uploads\/2023\/04\/happy-ah-1024x721.webp","datePublished":"2023-04-24T12:00:43+00:00","dateModified":"2024-08-16T11:56:40+00:00","breadcrumb":{"@id":"https:\/\/www.dod.ws\/es\/referencias\/#breadcrumb"},"inLanguage":"es","potentialAction":[{"@type":"ReadAction","target":["https:\/\/www.dod.ws\/es\/referencias\/"]}]},{"@type":"ImageObject","inLanguage":"es","@id":"https:\/\/www.dod.ws\/es\/referencias\/#primaryimage","url":"https:\/\/www.dod.ws\/wp-content\/uploads\/2023\/04\/happy-ah-1024x721.webp","contentUrl":"https:\/\/www.dod.ws\/wp-content\/uploads\/2023\/04\/happy-ah-1024x721.webp"},{"@type":"BreadcrumbList","@id":"https:\/\/www.dod.ws\/es\/referencias\/#breadcrumb","itemListElement":[{"@type":"ListItem","position":1,"name":"Home","item":"https:\/\/www.dod.ws\/es\/"},{"@type":"ListItem","position":2,"name":"Referencias"}]},{"@type":"WebSite","@id":"https:\/\/www.dod.ws\/es\/#website","url":"https:\/\/www.dod.ws\/es\/","name":"DOD Innovation","description":"","publisher":{"@id":"https:\/\/www.dod.ws\/es\/#organization"},"potentialAction":[{"@type":"SearchAction","target":{"@type":"EntryPoint","urlTemplate":"https:\/\/www.dod.ws\/es\/?s={search_term_string}"},"query-input":{"@type":"PropertyValueSpecification","valueRequired":true,"valueName":"search_term_string"}}],"inLanguage":"es"},{"@type":"Organization","@id":"https:\/\/www.dod.ws\/es\/#organization","name":"DOD Innovation","url":"https:\/\/www.dod.ws\/es\/","logo":{"@type":"ImageObject","inLanguage":"es","@id":"https:\/\/www.dod.ws\/es\/#\/schema\/logo\/image\/","url":"https:\/\/www.dod.ws\/wp-content\/uploads\/2023\/03\/favicon.png","contentUrl":"https:\/\/www.dod.ws\/wp-content\/uploads\/2023\/03\/favicon.png","width":500,"height":500,"caption":"DOD Innovation"},"image":{"@id":"https:\/\/www.dod.ws\/es\/#\/schema\/logo\/image\/"},"sameAs":["https:\/\/www.facebook.com\/broodsnijmachines.nl\/","https:\/\/www.instagram.com\/broodsnijmachines.nl\/"]}]}},"_links":{"self":[{"href":"https:\/\/www.dod.ws\/es\/wp-json\/wp\/v2\/pages\/13074","targetHints":{"allow":["GET"]}}],"collection":[{"href":"https:\/\/www.dod.ws\/es\/wp-json\/wp\/v2\/pages"}],"about":[{"href":"https:\/\/www.dod.ws\/es\/wp-json\/wp\/v2\/types\/page"}],"author":[{"embeddable":true,"href":"https:\/\/www.dod.ws\/es\/wp-json\/wp\/v2\/users\/1"}],"replies":[{"embeddable":true,"href":"https:\/\/www.dod.ws\/es\/wp-json\/wp\/v2\/comments?post=13074"}],"version-history":[{"count":2,"href":"https:\/\/www.dod.ws\/es\/wp-json\/wp\/v2\/pages\/13074\/revisions"}],"predecessor-version":[{"id":13082,"href":"https:\/\/www.dod.ws\/es\/wp-json\/wp\/v2\/pages\/13074\/revisions\/13082"}],"wp:attachment":[{"href":"https:\/\/www.dod.ws\/es\/wp-json\/wp\/v2\/media?parent=13074"}],"curies":[{"name":"wp","href":"https:\/\/api.w.org\/{rel}","templated":true}]}}